{"id":11522,"date":"2018-03-27T14:12:44","date_gmt":"2018-03-27T12:12:44","guid":{"rendered":"http:\/\/brieftaubenshop.de\/?page_id=11522"},"modified":"2023-10-02T09:13:34","modified_gmt":"2023-10-02T07:13:34","slug":"impressum","status":"publish","type":"page","link":"https:\/\/www.brieftaubenshop.de\/certificates\/impressum\/","title":{"rendered":"Impressum"},"content":{"rendered":"<h1><span style=\"font-size: 14px;\"><strong><span style=\"font-size: 16px;\"><span style=\"font-size: 18px;\">Impressum<\/span><\/span><\/strong><\/span><\/h1>\n<p><strong><span style=\"font-size: 12px;\">Gesetzliche Anbieterkennung:<\/span><\/strong><\/p>\n<p><strong>JJ\u00b4s Food &amp; Feed Trade GmbH<br \/>\nSiemensstr. 18<br \/>\n49770 Herzlake<br \/>\nDeutschland<br \/>\nTelefon: 05964-9399936<br \/>\nE-Mail: info@foomanta.de<\/strong><\/p>\n<p><strong>USt-IdNr.: DE362101388<\/strong><\/p>\n<p><span style=\"font-size: 14px;\"><strong>Alternative Streitbeilegung:<\/strong><br \/>\nDie Europ\u00e4ische Kommission stellt eine Plattform f\u00fcr die au\u00dfergerichtliche Online-Streitbeilegung (OS-Plattform) bereit, aufrufbar unter <a href=\"https:\/\/ec.europa.eu\/odr\" target=\"_blank\" rel=\"noopener noreferrer\">https:\/\/ec.europa.eu\/odr<\/a>.<\/span><\/p>\n<p><span style=\"font-size: 14px;\"><strong>Wir sind seit\u00a0<\/strong><\/span><span style=\"font-size: 14px;\"><strong>19.11.2015\u00a0<\/strong><\/span><span style=\"font-size: 14px;\"><strong>Mitglied der Initiative &#8222;FairCommerce&#8220;.<\/strong><br \/>\nN\u00e4here Informationen hierzu finden Sie unter www.fair-commerce.de.<\/span><\/p>\n","protected":false},"excerpt":{"rendered":"<p>Impressum Gesetzliche Anbieterkennung: JJ\u00b4s Food &amp; Feed Trade GmbH Siemensstr. 18 49770 Herzlake Deutschland Telefon: 05964-9399936 E-Mail: info@foomanta.de USt-IdNr.: DE362101388 Alternative Streitbeilegung: Die Europ\u00e4ische Kommission stellt eine Plattform f\u00fcr die au\u00dfergerichtliche Online-Streitbeilegung (OS-Plattform) bereit, aufrufbar unter https:\/\/ec.europa.eu\/odr. Wir sind seit\u00a019.11.2015\u00a0Mitglied der Initiative &#8222;FairCommerce&#8220;. N\u00e4here Informationen hierzu finden Sie unter www.fair-commerce.de.<\/p>\n","protected":false},"author":8,"featured_media":0,"parent":0,"menu_order":0,"comment_status":"closed","ping_status":"closed","template":"","meta":{"site-sidebar-layout":"default","site-content-layout":"default","ast-global-header-display":"","ast-banner-title-visibility":"","ast-main-header-display":"","ast-hfb-above-header-display":"","ast-hfb-below-header-display":"","ast-hfb-mobile-header-display":"","site-post-title":"","ast-breadcrumbs-content":"","ast-featured-img":"","footer-sml-layout":"","theme-transparent-header-meta":"default","adv-header-id-meta":"","stick-header-meta":"","header-above-stick-meta":"","header-main-stick-meta":"","header-below-stick-meta":""},"acf":[],"_links":{"self":[{"href":"https:\/\/www.brieftaubenshop.de\/certificates\/wp-json\/wp\/v2\/pages\/11522"}],"collection":[{"href":"https:\/\/www.brieftaubenshop.de\/certificates\/wp-json\/wp\/v2\/pages"}],"about":[{"href":"https:\/\/www.brieftaubenshop.de\/certificates\/wp-json\/wp\/v2\/types\/page"}],"author":[{"embeddable":true,"href":"https:\/\/www.brieftaubenshop.de\/certificates\/wp-json\/wp\/v2\/users\/8"}],"replies":[{"embeddable":true,"href":"https:\/\/www.brieftaubenshop.de\/certificates\/wp-json\/wp\/v2\/comments?post=11522"}],"version-history":[{"count":2,"href":"https:\/\/www.brieftaubenshop.de\/certificates\/wp-json\/wp\/v2\/pages\/11522\/revisions"}],"predecessor-version":[{"id":124709,"href":"https:\/\/www.brieftaubenshop.de\/certificates\/wp-json\/wp\/v2\/pages\/11522\/revisions\/124709"}],"wp:attachment":[{"href":"https:\/\/www.brieftaubenshop.de\/certificates\/wp-json\/wp\/v2\/media?parent=11522"}],"curies":[{"name":"wp","href":"https:\/\/api.w.org\/{rel}","templated":true}]}}