{"id":96020,"date":"2021-02-25T13:46:29","date_gmt":"2021-02-25T11:46:29","guid":{"rendered":"https:\/\/www.brieftaubenshop.de\/?page_id=96020"},"modified":"2021-10-29T10:04:16","modified_gmt":"2021-10-29T08:04:16","slug":"ueber-uns","status":"publish","type":"page","link":"https:\/\/www.brieftaubenshop.de\/certificates\/ueber-uns\/","title":{"rendered":"\u00dcber uns"},"content":{"rendered":"<p>[vc_row][vc_column][vc_single_image image=&#8220;104445&#8243; img_size=&#8220;full&#8220; alignment=&#8220;center&#8220; style=&#8220;vc_box_rounded&#8220;][\/vc_column][\/vc_row][vc_row][vc_column width=&#8220;1\/2&#8243;][vc_column_text]<\/p>\n<div><\/div>\n<div><i>Willkommen beim Brieftauben Shop. Wir sind ein Familienbetrieb und selbst Taubenz\u00fcchter.<\/i><\/div>\n<div><i>Unser Ziel ist, Ihnen eine gro\u00dfe Auswahl an hochwertigen Nahrungserg\u00e4nzungsmitteln f\u00fcr Brieftauben und Rassetauben anzubieten, und das zu einem fairen Preis.<\/i><\/div>\n<div><i>Wir legen viel Wert auf einen freundschaftlichen Umgang mit unseren Kunden und mit unseren Lieferanten.<\/i><\/div>\n<div><\/div>\n<div><i>Schon als junger Mann hatte ich Brieftauben zuhause, und heute werde ich tatkr\u00e4ftig unterst\u00fctzt durch meine Frau und unsere drei Kinder.<\/i><\/div>\n<div><i>Als Z\u00fcchter kannte ich eine Menge guter Produkte, die in Deutschland leider nicht verf\u00fcgbar waren, und die wir deswegen im Ausland bestellen mu\u00dften.<\/i><\/div>\n<div><i>Vor vier Jahren fingen wir schlie\u00dflich an, diese Produkte selber zu importieren und zu verkaufen.\u00a0<\/i><\/div>\n<div><\/div>\n<p>[\/vc_column_text][\/vc_column][vc_column width=&#8220;1\/2&#8243;][vc_column_text]<\/p>\n<div>\u00a0<i>2011 f\u00fchrten wir dann unsere eigene Marke ein, um unseren Kunden weitere hochwertige und g\u00fcnstige Produkte anbieten zu k\u00f6nnen: Dovita Vital.<\/i><\/div>\n<div><i>Um unsere Produkte der \u00d6ffentlichkeit vorzustellen, und Kontakt aufzunehmen mit Z\u00fcchtern und Kunden, finden Sie uns bei den Verbandsaustellungen in Dortmund, und auf den Messen in Kassel und Leipzig.<\/i><\/div>\n<div><i>Unseren Erfolg verdanken wir vorallem unseren Stammkunden, die mit unserem Angebot und unserem Service so sehr zufrieden sind, da\u00df sie Anderen gerne davon erz\u00e4hlen.<\/i><\/div>\n<p>&nbsp;<\/p>\n<div><i>Sie k\u00f6nnen bequem online bestellen, 24 Stunden am Tag. Die Produkte sind alle auf Lager, so da\u00df Ihre Bestellung umgehend verschickt wird.<\/i><\/div>\n<div><i>Wir versenden auch ins Ausland und haben Kunden in Kanada, Frankreich, Spanien, den Niederlanden, Belgien, England und sogar Taiwan.<\/i><\/div>\n<div><i>Als multinationale Familie freuen wir uns auf Ihre Fragen in Deutsch, Englisch oder Niederl\u00e4ndisch.<\/i><\/div>\n<p>[\/vc_column_text][\/vc_column][\/vc_row]<\/p>\n","protected":false},"excerpt":{"rendered":"<p>[vc_row][vc_column][vc_single_image image=&#8220;104445&#8243; img_size=&#8220;full&#8220; alignment=&#8220;center&#8220; style=&#8220;vc_box_rounded&#8220;][\/vc_column][\/vc_row][vc_row][vc_column width=&#8220;1\/2&#8243;][vc_column_text] Willkommen beim Brieftauben Shop. Wir sind ein Familienbetrieb und selbst Taubenz\u00fcchter. Unser Ziel ist, Ihnen eine gro\u00dfe Auswahl an hochwertigen Nahrungserg\u00e4nzungsmitteln f\u00fcr Brieftauben und Rassetauben anzubieten, und das zu einem fairen Preis. Wir legen viel Wert auf einen freundschaftlichen Umgang mit unseren Kunden und mit unseren Lieferanten. Schon als &hellip;<\/p>\n<p class=\"read-more\"> <a class=\"\" href=\"https:\/\/www.brieftaubenshop.de\/certificates\/ueber-uns\/\"> <span class=\"screen-reader-text\">\u00dcber uns<\/span> Weiterlesen &raquo;<\/a><\/p>\n","protected":false},"author":3092,"featured_media":0,"parent":0,"menu_order":0,"comment_status":"closed","ping_status":"closed","template":"about.php","meta":{"site-sidebar-layout":"no-sidebar","site-content-layout":"plain-container","ast-global-header-display":"","ast-banner-title-visibility":"","ast-main-header-display":"","ast-hfb-above-header-display":"","ast-hfb-below-header-display":"","ast-hfb-mobile-header-display":"","site-post-title":"disabled","ast-breadcrumbs-content":"","ast-featured-img":"disabled","footer-sml-layout":"","theme-transparent-header-meta":"","adv-header-id-meta":"","stick-header-meta":"","header-above-stick-meta":"","header-main-stick-meta":"","header-below-stick-meta":""},"acf":[],"_links":{"self":[{"href":"https:\/\/www.brieftaubenshop.de\/certificates\/wp-json\/wp\/v2\/pages\/96020"}],"collection":[{"href":"https:\/\/www.brieftaubenshop.de\/certificates\/wp-json\/wp\/v2\/pages"}],"about":[{"href":"https:\/\/www.brieftaubenshop.de\/certificates\/wp-json\/wp\/v2\/types\/page"}],"author":[{"embeddable":true,"href":"https:\/\/www.brieftaubenshop.de\/certificates\/wp-json\/wp\/v2\/users\/3092"}],"replies":[{"embeddable":true,"href":"https:\/\/www.brieftaubenshop.de\/certificates\/wp-json\/wp\/v2\/comments?post=96020"}],"version-history":[{"count":30,"href":"https:\/\/www.brieftaubenshop.de\/certificates\/wp-json\/wp\/v2\/pages\/96020\/revisions"}],"predecessor-version":[{"id":105076,"href":"https:\/\/www.brieftaubenshop.de\/certificates\/wp-json\/wp\/v2\/pages\/96020\/revisions\/105076"}],"wp:attachment":[{"href":"https:\/\/www.brieftaubenshop.de\/certificates\/wp-json\/wp\/v2\/media?parent=96020"}],"curies":[{"name":"wp","href":"https:\/\/api.w.org\/{rel}","templated":true}]}}